{"id":905,"date":"2018-02-06T04:55:49","date_gmt":"2018-02-06T10:55:49","guid":{"rendered":"http:\/\/35.203.130.217\/?page_id=905"},"modified":"2018-03-21T13:09:35","modified_gmt":"2018-03-21T19:09:35","slug":"rh","status":"publish","type":"page","link":"https:\/\/mexmar.com\/?page_id=905","title":{"rendered":"RH"},"content":{"rendered":"<\/div><\/div><\/div><!-- close content main div --><\/div><\/div><div id='av_section_1' class='avia-section main_color avia-section-no-padding avia-no-shadow avia-full-stretch avia-bg-style-scroll   av-minimum-height av-minimum-height-custom container_wrap sidebar_right' style = 'background-repeat: no-repeat; background-image: url(https:\/\/mexmar.com\/wp-content\/uploads\/2016\/06\/MEXMAR0071.jpg); background-attachment: scroll; background-position: center center; ' data-section-bg-repeat='stretch' ><div class='container' style='height:365px'><div class='template-page content  av-content-small alpha units'><div class='post-entry post-entry-type-page post-entry-905'><div class='entry-content-wrapper clearfix'><\/div><\/div><\/div><!-- close content main div --><\/div><\/div><div id='after_section_1' class='main_color av_default_container_wrap container_wrap sidebar_right'   ><div class='container' ><div class='template-page content  av-content-small alpha units'><div class='post-entry post-entry-type-page post-entry-905'><div class='entry-content-wrapper clearfix'>\n<div class=\"flex_column av_one_half  flex_column_div av-zero-column-padding first  \" style='border-radius:0px; '><section class=\"av_textblock_section \" ><div class='avia_textblock  '  ><h1>MEXMAR RH &#8211; RECURSOS HUMANOS<\/h1>\n<hr \/>\n<h2>BIENVENIDO A NUESTRA BOLSA DE TRABAJO<\/h2>\n<p>Si est\u00e1 interesado en formar parte de nuestro equipo de trabajo, haga click en las siguientes opciones. Si tiene alguna duda adicional le brindamos el siguiente formulario de contacto esperando poder atender sus dudas acerca del proceso de reclutamiento en Mexmar RH.<\/p>\n<p>Nuestra compa\u00f1\u00eda: <a href=\"http:\/\/35.203.130.217\/mantenimiento-express-maritimo\/\">Mantenimiento Express Maritimo<\/a><\/p>\n<\/div><\/section><br \/>\n<div class='avia-button-wrap avia-button-center '><a href='http:\/\/mexmar-rh.com\/cvs\/agregaCurriculum1.jsp' class='avia-button avia-button-fullwidth   avia-icon_select-no avia-color-custom '  style='color:#ffffff; background-color:#375172;  ' ><span class='avia_iconbox_title' >INGRESE SU CURRICULUM<\/span><div class='av-button-description av-button-description-below'><p>Si est\u00e1 interesado en formar parte de nuestro equipo de trabajo, haga click en esta opci\u00f3n<\/p>\n<\/div><span class='avia_button_background avia-button avia-button-fullwidth avia-color-custom' style='background-color:#2c353d; '><\/span><\/a><\/div><br \/>\n<div style='height:30px' class='hr hr-invisible  '><span class='hr-inner ' ><span class='hr-inner-style'><\/span><\/span><\/div><br \/>\n<div class='avia-button-wrap avia-button-center '><a href='http:\/\/mexmar-rh.com\/cvs\/actualizaCV\/index.html' class='avia-button avia-button-fullwidth   avia-icon_select-no avia-color-custom '  style='color:#ffffff; background-color:#375172;  ' ><span class='avia_iconbox_title' >ACTUALICE SU CURRICULUM<\/span><div class='av-button-description av-button-description-below'><p>Si ya registr\u00f3 su curr\u00edculum con nosotros, puede actualizarlo haciendo click en esta opci\u00f3n<\/p>\n<\/div><span class='avia_button_background avia-button avia-button-fullwidth avia-color-custom' style='background-color:#2c353d; '><\/span><\/a><\/div><br \/>\n<div style='height:30px' class='hr hr-invisible  '><span class='hr-inner ' ><span class='hr-inner-style'><\/span><\/span><\/div><br \/>\n<div class='avia-button-wrap avia-button-center '><a href='http:\/\/mexmar-rh.com\/cvs\/listaVacantes.jsp' class='avia-button avia-button-fullwidth   avia-icon_select-no avia-color-custom '  style='color:#ffffff; background-color:#375172;  ' ><span class='avia_iconbox_title' >LISTA DE VACANTES<\/span><div class='av-button-description av-button-description-below'><p>Consulte las vacantes que tenemos en este momento haciendo click en esta opci\u00f3n<\/p>\n<\/div><span class='avia_button_background avia-button avia-button-fullwidth avia-color-custom' style='background-color:#2c353d; '><\/span><\/a><\/div><\/p><\/div><div class=\"flex_column av_one_half  flex_column_div av-zero-column-padding   \" style='border-radius:0px; '><p><div class='avia-image-container  av-styling-    avia-align-center '  ><div class='avia-image-container-inner'><a href='http:\/\/35.203.130.217\/presencia\/' class='avia_image'  ><img class='avia_image ' src='https:\/\/mexmar.com\/wp-content\/uploads\/2018\/02\/Mexmar-13.jpg' alt='' title='Mexmar RH'  \/><\/a><\/div><\/div><br \/>\n<div class='avia-image-container  av-styling-    avia-align-center '  ><div class='avia-image-container-inner'><a href='http:\/\/35.203.130.217\/' class='avia_image'  ><img class='avia_image ' src='https:\/\/mexmar.com\/wp-content\/uploads\/2018\/02\/Mexmar-12.jpg' alt='' title='Mexmar 12'  \/><\/a><\/div><\/div><\/p><\/div><\/p>\n","protected":false},"excerpt":{"rendered":"","protected":false},"author":4,"featured_media":0,"parent":0,"menu_order":0,"comment_status":"closed","ping_status":"closed","template":"","meta":{"footnotes":""},"_links":{"self":[{"href":"https:\/\/mexmar.com\/index.php?rest_route=\/wp\/v2\/pages\/905"}],"collection":[{"href":"https:\/\/mexmar.com\/index.php?rest_route=\/wp\/v2\/pages"}],"about":[{"href":"https:\/\/mexmar.com\/index.php?rest_route=\/wp\/v2\/types\/page"}],"author":[{"embeddable":true,"href":"https:\/\/mexmar.com\/index.php?rest_route=\/wp\/v2\/users\/4"}],"replies":[{"embeddable":true,"href":"https:\/\/mexmar.com\/index.php?rest_route=%2Fwp%2Fv2%2Fcomments&post=905"}],"version-history":[{"count":17,"href":"https:\/\/mexmar.com\/index.php?rest_route=\/wp\/v2\/pages\/905\/revisions"}],"predecessor-version":[{"id":1418,"href":"https:\/\/mexmar.com\/index.php?rest_route=\/wp\/v2\/pages\/905\/revisions\/1418"}],"wp:attachment":[{"href":"https:\/\/mexmar.com\/index.php?rest_route=%2Fwp%2Fv2%2Fmedia&parent=905"}],"curies":[{"name":"wp","href":"https:\/\/api.w.org\/{rel}","templated":true}]}}