{"id":74,"date":"2016-07-01T10:23:48","date_gmt":"2016-07-01T16:23:48","guid":{"rendered":"http:\/\/35.203.130.217\/?page_id=74"},"modified":"2020-01-13T18:03:44","modified_gmt":"2020-01-14T00:03:44","slug":"contacto","status":"publish","type":"page","link":"https:\/\/mexmar.com\/?page_id=74","title":{"rendered":"Contacto"},"content":{"rendered":"<\/div><\/div><\/div><!-- close content main div --><\/div><\/div><div id='av_section_1' class='avia-section main_color avia-section-no-padding avia-no-border-styling avia-full-stretch avia-bg-style-scroll   av-minimum-height av-minimum-height-custom container_wrap sidebar_right' style = 'background-repeat: no-repeat; background-image: url(https:\/\/mexmar.com\/wp-content\/uploads\/2018\/02\/Mexmar-Mantenimiento-Expr\u00e9ss-Mar\u00edtimo.jpg); background-attachment: scroll; background-position: center center; ' data-section-bg-repeat='stretch' ><div class='container' style='height:365px'><div class='template-page content  av-content-small alpha units'><div class='post-entry post-entry-type-page post-entry-74'><div class='entry-content-wrapper clearfix'><\/div><\/div><\/div><!-- close content main div --><\/div><\/div><div id='after_section_1' class='main_color av_default_container_wrap container_wrap sidebar_right'   ><div class='container' ><div class='template-page content  av-content-small alpha units'><div class='post-entry post-entry-type-page post-entry-74'><div class='entry-content-wrapper clearfix'>\n<div class=\"flex_column av_one_half  no_margin flex_column_div first  \" style='padding:15px; border-radius:0px; '><section class=\"av_textblock_section \" ><div class='avia_textblock  '  ><h1>MANTENIMIENTO EXPRESS MARITIMO MEXMAR<\/h1>\n<hr \/>\n<h2>Contacto<\/h2>\n<p style=\"text-align: justify;\">Sea para contactar a un Agente Especialista que atienda sus consultas o para conocer nuestras oficinas, le brindamos el siguiente formulario de contacto y nuestros datos esperando poder atender sus necesidades.<\/p>\n<h3>OFICINAS CORPORATIVAS<\/h3>\n<p>Av. Paseo de la Reforma 2654 Piso 19<\/p>\n<p>Colonia Lomas Altas, CP 11950<\/p>\n<p>Ciudad de M\u00e9xico, M\u00e9xico<\/p>\n<p>+52 (55) 5716-5150<\/p>\n<p>+52 (55) 5257-2828<\/p>\n<p>Informaci\u00f3n de Compa\u00f1\u00eda: <a href=\"http:\/\/35.203.130.217\/mantenimiento-express-maritimo\/\">mexmar.com<\/a><\/p>\n<\/div><\/section><br \/>\n<article class=\"iconbox iconbox_left    \" ><div class=\"iconbox_content\"><header class=\"entry-content-header\"><a href='https:\/\/www.google.com\/maps\/place\/Torre+Quadrata\/@19.3931963,-99.2413448,17z\/data=!4m5!3m4!1s0x85d20108af132993:0x997a790f0ae0e836!8m2!3d19.3931913!4d-99.2391561' title='MAPA EN GOOGLE'  target=\"_blank\"  class=\"iconbox_icon heading-color \" aria-hidden='true' data-av_icon='\ue8b1' data-av_iconfont='entypo-fontello'  ><\/a><h3 class='iconbox_content_title '  ><a href='https:\/\/www.google.com\/maps\/place\/Torre+Quadrata\/@19.3931963,-99.2413448,17z\/data=!4m5!3m4!1s0x85d20108af132993:0x997a790f0ae0e836!8m2!3d19.3931913!4d-99.2391561' title='MAPA EN GOOGLE'  target=\"_blank\" >MAPA EN GOOGLE<\/a><\/h3><\/header><div class='iconbox_content_container  '  ><p>Direcci\u00f3n &#8211; C\u00f3mo llegar a nuestro Corporativo<\/p>\n<\/div><\/div><footer class=\"entry-footer\"><\/footer><\/article><br \/>\n<div style='height:30px' class='hr hr-invisible  '><span class='hr-inner ' ><span class='hr-inner-style'><\/span><\/span><\/div><br \/>\n<div style='height:30px' class='hr hr-invisible  '><span class='hr-inner ' ><span class='hr-inner-style'><\/span><\/span><\/div><\/p><\/div><div class=\"flex_column av_one_half  av-animated-generic right-to-left  no_margin flex_column_div   \" style='padding:15px; border-radius:5px; '><section class=\"av_textblock_section \" ><div class='avia_textblock  '  ><h1>FORMULARIO PARA SOLICITAR INFORMACI\u00d3N<\/h1>\n<hr \/>\n<h2><\/h2>\n<\/div><\/section><br \/>\n<section class=\"avia_codeblock_section  avia_code_block_0\" ><div class='avia_codeblock ' > [avia_codeblock_placeholder uid=\"0\"] <\/div><\/section><br \/>\n<div style=' margin-top:30px; margin-bottom:30px;'  class='hr hr-custom hr-center hr-icon-no  '><span class='hr-inner   inner-border-av-border-thin' style=' width:100%;' ><span class='hr-inner-style'><\/span><\/span><\/div><\/p><\/div><\/p>\n","protected":false},"excerpt":{"rendered":"","protected":false},"author":3,"featured_media":0,"parent":0,"menu_order":0,"comment_status":"closed","ping_status":"closed","template":"","meta":{"footnotes":""},"_links":{"self":[{"href":"https:\/\/mexmar.com\/index.php?rest_route=\/wp\/v2\/pages\/74"}],"collection":[{"href":"https:\/\/mexmar.com\/index.php?rest_route=\/wp\/v2\/pages"}],"about":[{"href":"https:\/\/mexmar.com\/index.php?rest_route=\/wp\/v2\/types\/page"}],"author":[{"embeddable":true,"href":"https:\/\/mexmar.com\/index.php?rest_route=\/wp\/v2\/users\/3"}],"replies":[{"embeddable":true,"href":"https:\/\/mexmar.com\/index.php?rest_route=%2Fwp%2Fv2%2Fcomments&post=74"}],"version-history":[{"count":38,"href":"https:\/\/mexmar.com\/index.php?rest_route=\/wp\/v2\/pages\/74\/revisions"}],"predecessor-version":[{"id":1385,"href":"https:\/\/mexmar.com\/index.php?rest_route=\/wp\/v2\/pages\/74\/revisions\/1385"}],"wp:attachment":[{"href":"https:\/\/mexmar.com\/index.php?rest_route=%2Fwp%2Fv2%2Fmedia&parent=74"}],"curies":[{"name":"wp","href":"https:\/\/api.w.org\/{rel}","templated":true}]}}