{"id":2,"date":"2016-06-24T11:42:39","date_gmt":"2016-06-24T17:42:39","guid":{"rendered":"http:\/\/35.203.130.217\/?page_id=2"},"modified":"2024-02-27T15:52:54","modified_gmt":"2024-02-27T21:52:54","slug":"inicio","status":"publish","type":"page","link":"https:\/\/mexmar.com\/","title":{"rendered":"Inicio"},"content":{"rendered":"<div id='layer_slider_1' class='avia-layerslider main_color avia-shadow  container_wrap sidebar_right'    style='height: 366px;' ><\/div>\n<div class=\"flex_column av_one_half  flex_column_div av-zero-column-padding first  \" style='border-radius:0px; '><section class=\"av_textblock_section \" ><div class='avia_textblock  '  ><h1 style=\"text-align: justify;\">MEXMAR ES UNA COMPA\u00d1\u00cdA DE TRANSPORTE MAR\u00cdTIMO CON UN ALTO COMPROMISO CON SU CAPITAL HUMANO, LA SEGURIDAD Y LA EFICIENCIA<\/h1>\n<hr \/>\n<h2>MEXMAR &#8211; MANTENIMIENTO EXPRESS MARITIMO<\/h2>\n<p style=\"text-align: justify;\">MexMar es una compa\u00f1\u00eda mexicana establecida en alianza entre Seacor Marine International, LLC y Operadora de Transportes Mar\u00edtimos, S.A. de C.V. Actualmente es uno de los principales operadores de embarcaciones costa afuera en M\u00e9xico.<\/p>\n<h2>MEXMAR &#8211; SEACOR ALIANZA ESTRAT\u00c9GICA<\/h2>\n<p style=\"text-align: justify;\">Seacor Marine es una empresa internacional l\u00edder en la operaci\u00f3n de embarcaciones de apoyo costa afuera al servicio de la exploraci\u00f3n y producci\u00f3n de hidrocarburos. Con presencia en los principales campos petroleros del mundo, Seacor Marine cuenta con m\u00e1s de 300 diversas embarcaciones de alta tecnolog\u00eda.<\/p>\n<\/div><\/section><\/div>\n<div class=\"flex_column av_one_fourth  flex_column_div av-zero-column-padding   \" style='border-radius:0px; '><p><div class='avia-image-container  av-styling-    avia-align-center '  ><div class='avia-image-container-inner'><a href='http:\/\/35.203.130.217\/wp-content\/uploads\/2016\/07\/Mexmar-1o-corto-baja.mp4' class='avia_image'   target=\"_blank\" ><img class='avia_image ' src='https:\/\/mexmar.com\/wp-content\/uploads\/2016\/06\/Captura-de-pantalla-2016-07-04-a-las-15.59.24.png' alt='Mexmar Video Imagen' title='Mexmar'  \/><\/a><\/div><\/div><br \/>\n<div style=' margin-top:5px; margin-bottom:20px;'  class='hr hr-custom hr-center hr-icon-no  '><span class='hr-inner   inner-border-av-border-thin' style=' width:100%;' ><span class='hr-inner-style'><\/span><\/span><\/div><br \/>\n<section class=\"av_textblock_section \" ><div class='avia_textblock  '  ><h2>NUESTROS SERVICIOS<\/h2>\n<p>Transporte de materiales, equipo y carga en general sobre cubierta<\/p>\n<p>Transporte de personal<\/p>\n<p>Transporte de residuos<\/p>\n<p>Carga de productos s\u00f3lidos y l\u00edquidos a granel bajo cubierta<\/p>\n<p>Respuesta a incidentes por derrame de hidrocarburos<\/p>\n<p>Respuesta a incidentes de incendio<\/p>\n<\/div><\/section><\/p><\/div>\n<div class=\"flex_column av_one_fourth  flex_column_div av-zero-column-padding   \" style='border-radius:0px; '><p><div class='avia-image-container  av-styling-    avia-align- '  ><div class='avia-image-container-inner'><a href='https:\/\/eqamexico.com\/' class='avia_image'   target=\"_blank\" ><img class='avia_image ' src='https:\/\/mexmar.com\/wp-content\/uploads\/2018\/09\/ISO9001-2015-Mantenimiento-express-maritimo-Mexmar-2.jpg' alt='' title='ISO9001-2015 Mantenimiento express maritimo Mexmar 2'  \/><\/a><\/div><\/div><br \/>\n<div style='height:27px' class='hr hr-invisible  '><span class='hr-inner ' ><span class='hr-inner-style'><\/span><\/span><\/div><br \/>\n<div class='avia-image-container  av-styling-    avia-align-center '  ><div class='avia-image-container-inner'><a href='https:\/\/www.iso.org\/standards.html' class='avia_image'   target=\"_blank\" ><img class='avia_image ' src='https:\/\/mexmar.com\/wp-content\/uploads\/2018\/06\/ISO-2.jpg' alt='' title='ISO-2'  \/><\/a><\/div><\/div><br \/>\n<div style='height:27px' class='hr hr-invisible  '><span class='hr-inner ' ><span class='hr-inner-style'><\/span><\/span><\/div><br \/>\n<div class='avia-button-wrap avia-button-center '><a href='http:\/\/35.203.130.217\/contacto\/' class='avia-button   avia-icon_select-yes-right-icon avia-color-custom avia-size-large avia-position-center '  style='background-color:#008ac9; border-color:#008ac9; color:#ffffff; ' ><span class='avia_iconbox_title' >Contacto<\/span><span class='avia_button_icon avia_button_icon_right' aria-hidden='true' data-av_icon='\ue835' data-av_iconfont='entypo-fontello'><\/span><\/a><\/div><\/p><\/div>\n","protected":false},"excerpt":{"rendered":"","protected":false},"author":3,"featured_media":0,"parent":0,"menu_order":0,"comment_status":"open","ping_status":"open","template":"","meta":{"footnotes":""},"_links":{"self":[{"href":"https:\/\/mexmar.com\/index.php?rest_route=\/wp\/v2\/pages\/2"}],"collection":[{"href":"https:\/\/mexmar.com\/index.php?rest_route=\/wp\/v2\/pages"}],"about":[{"href":"https:\/\/mexmar.com\/index.php?rest_route=\/wp\/v2\/types\/page"}],"author":[{"embeddable":true,"href":"https:\/\/mexmar.com\/index.php?rest_route=\/wp\/v2\/users\/3"}],"replies":[{"embeddable":true,"href":"https:\/\/mexmar.com\/index.php?rest_route=%2Fwp%2Fv2%2Fcomments&post=2"}],"version-history":[{"count":37,"href":"https:\/\/mexmar.com\/index.php?rest_route=\/wp\/v2\/pages\/2\/revisions"}],"predecessor-version":[{"id":1426,"href":"https:\/\/mexmar.com\/index.php?rest_route=\/wp\/v2\/pages\/2\/revisions\/1426"}],"wp:attachment":[{"href":"https:\/\/mexmar.com\/index.php?rest_route=%2Fwp%2Fv2%2Fmedia&parent=2"}],"curies":[{"name":"wp","href":"https:\/\/api.w.org\/{rel}","templated":true}]}}