{"id":1198,"date":"2018-03-09T00:14:16","date_gmt":"2018-03-09T06:14:16","guid":{"rendered":"http:\/\/35.203.130.217\/?page_id=1198"},"modified":"2023-08-29T18:41:20","modified_gmt":"2023-08-30T00:41:20","slug":"mantenimiento-express-maritimo","status":"publish","type":"page","link":"https:\/\/mexmar.com\/?page_id=1198","title":{"rendered":"Mantenimiento Express Maritimo"},"content":{"rendered":"<\/div><\/div><\/div><!-- close content main div --><\/div><\/div><div id='av_section_1' class='avia-section main_color avia-section-no-padding avia-no-border-styling avia-full-stretch av-section-color-overlay-active avia-bg-style-scroll   av-minimum-height av-minimum-height-custom container_wrap sidebar_right' style = 'background-repeat: no-repeat; background-image: url(https:\/\/mexmar.com\/wp-content\/uploads\/2018\/02\/Mexmar-Golfo-de-M\u00e9xico.jpg); background-attachment: scroll; background-position: center center; ' data-section-bg-repeat='stretch' ><div class='av-section-color-overlay-wrap'><div class='av-section-color-overlay' style='opacity: 0.5; background-color: #2c353d; '><\/div><div class='container' style='height:365px'><div class='template-page content  av-content-small alpha units'><div class='post-entry post-entry-type-page post-entry-1198'><div class='entry-content-wrapper clearfix'>\n<div style='padding-bottom:15px;color:#ffffff;font-size:40px;' class='av-special-heading av-special-heading-h1 custom-color-heading blockquote modern-quote modern-centered  av-inherit-size '><h1 class='av-special-heading-tag '  >MANTENIMIENTO EXPRESS MARITIMO<\/h1><div class ='av-subheading av-subheading_below av_custom_color ' style='font-size:28px;'><p>Mexmar<\/p>\n<\/div><div class='special-heading-border'><div class='special-heading-inner-border' style='border-color:#ffffff'><\/div><\/div><\/div>\n<\/div><\/div><\/div><!-- close content main div --><\/div><\/div><\/div><div id='after_section_1' class='main_color av_default_container_wrap container_wrap sidebar_right'   ><div class='container' ><div class='template-page content  av-content-small alpha units'><div class='post-entry post-entry-type-page post-entry-1198'><div class='entry-content-wrapper clearfix'>\n<div class=\"flex_column av_one_full  flex_column_div av-zero-column-padding first  \" style='border-radius:0px; '><p><div style='padding-bottom:10px;color:#375172;font-size:24px;' class='av-special-heading av-special-heading-h3 custom-color-heading blockquote modern-quote modern-centered   av-inherit-size '><h3 class='av-special-heading-tag '  >ACERCA DE<\/h3><div class='special-heading-border'><div class='special-heading-inner-border' style='border-color:#375172'><\/div><\/div><\/div><br \/>\n<section class=\"av_textblock_section \" ><div class='avia_textblock  av_inherit_color '  style='color:#444444; ' ><h2 style=\"text-align: center;\">Nuestra Compa\u00f1\u00eda<\/h2>\n<\/div><\/section><br \/>\n<div style=' margin-top:30px; margin-bottom:30px;'  class='hr hr-custom hr-center hr-icon-yes  '><span class='hr-inner   inner-border-av-border-thin' style=' width:100%;' ><span class='hr-inner-style'><\/span><\/span><span class='av-seperator-icon'  aria-hidden='true' data-av_icon='\ue808' data-av_iconfont='entypo-fontello'><\/span><span class='hr-inner   inner-border-av-border-thin' style=' width:100%;' ><span class='hr-inner-style'><\/span><\/span><\/div><\/p><\/div>\n<div class=\"flex_column av_one_fifth  flex_column_div av-zero-column-padding first  \" style='border-radius:0px; '><p><div style='height:15px' class='hr hr-invisible  '><span class='hr-inner ' ><span class='hr-inner-style'><\/span><\/span><\/div><br \/>\n<div class='avia-image-container  av-styling-no-styling av-hover-grow   avia-align-center '  ><div class='avia-image-container-inner'><a href='http:\/\/35.203.130.217\/quienes-somos\/' class='avia_image'  ><img class='avia_image ' src='https:\/\/mexmar.com\/wp-content\/uploads\/2023\/08\/Mexmar-Logo-AGO2023PNG.png' alt='' title='Mexmar-Logo-AGO2023PNG'  \/><\/a><\/div><\/div><\/p><\/div>\n<div class=\"flex_column av_three_fifth  flex_column_div av-zero-column-padding   \" style='border-radius:0px; '><section class=\"av_textblock_section \" ><div class='avia_textblock  '  ><p style=\"text-align: center;\">Mantenimiento Express Mar\u00edtimo S.A.P.I. de C.V. &#8211; MexMar es una compa\u00f1\u00eda 100% mexicana, en alianza estrat\u00e9gica con Seacor Marine International LLC, l\u00edder en el sector de transporte, log\u00edstica y cadena de suministro<\/p>\n<\/div><\/section><\/div><div class=\"flex_column av_one_fifth  flex_column_div av-zero-column-padding   \" style='border-radius:0px; '><p><div style='height:30px' class='hr hr-invisible  '><span class='hr-inner ' ><span class='hr-inner-style'><\/span><\/span><\/div><br \/>\n<div class='avia-image-container  av-styling-no-styling av-hover-grow   avia-align-center '  ><div class='avia-image-container-inner'><a href='https:\/\/www.seacormarine.com\/' class='avia_image'   target=\"_blank\" ><img class='avia_image ' src='https:\/\/mexmar.com\/wp-content\/uploads\/2020\/04\/Seacor_marine_logo_RGB-0032009.png' alt='Seacor_marine_logo_RGB (003)[2009]' title='Seacor_marine_logo_RGB (003)[2009]'  \/><\/a><\/div><\/div><\/p><\/div><\/p>\n<\/div><\/div><\/div><!-- close content main div --><\/div><\/div><div id='av_section_2' class='avia-section main_color avia-section-large avia-no-shadow av-parallax-section av-section-color-overlay-active avia-bg-style-parallax   container_wrap sidebar_right'  data-section-bg-repeat='no-repeat' ><div class='av-parallax' data-avia-parallax-ratio='0.3' ><div class='av-parallax-inner main_color  avia-full-stretch' style = 'background-repeat: no-repeat; background-image: url(https:\/\/mexmar.com\/wp-content\/uploads\/2018\/02\/Mexmar-6.jpg); background-attachment: scroll; background-position: top left; ' ><\/div><\/div><div class='av-section-color-overlay-wrap'><div class='av-section-color-overlay' style='opacity: 0.5; background-color: #000000; background-image: url(https:\/\/mexmar.com\/wp-content\/themes\/enfold\/images\/background-images\/dots-for-dark-background.png); background-repeat: repeat;'><\/div><div class='container' ><div class='template-page content  av-content-small alpha units'><div class='post-entry post-entry-type-page post-entry-1198'><div class='entry-content-wrapper clearfix'>\n<div style='padding-bottom:10px;color:#ffffff;font-size:24px;' class='av-special-heading av-special-heading-h2 custom-color-heading blockquote modern-quote modern-centered   av-inherit-size '><h2 class='av-special-heading-tag '  >Misi\u00f3n, Visi\u00f3n y Valores<\/h2><div class='special-heading-border'><div class='special-heading-inner-border' style='border-color:#ffffff'><\/div><\/div><\/div>\n<div style=' margin-top:30px; margin-bottom:30px;'  class='hr hr-custom hr-center hr-icon-yes  '><span class='hr-inner   inner-border-av-border-thin' style=' width:100%; border-color:#ffaf03;' ><span class='hr-inner-style'><\/span><\/span><span class='av-seperator-icon'  aria-hidden='true' data-av_icon='\ue808' data-av_iconfont='entypo-fontello'><\/span><span class='hr-inner   inner-border-av-border-thin' style=' width:100%; border-color:#ffaf03;' ><span class='hr-inner-style'><\/span><\/span><\/div>\n<div class=\"flex_column av_one_third  flex_column_div av-zero-column-padding first  \" style='border-radius:0px; '><article class=\"iconbox iconbox_top av-no-box   \" ><div class=\"iconbox_content\"><header class=\"entry-content-header\"><div class=\"iconbox_icon heading-color \" aria-hidden='true' data-av_icon='\ue82a' data-av_iconfont='entypo-fontello'  style='background-color:#ffaf03; border:1px solid #ffaf03; color:#06497c; ' ><\/div><h3 class='iconbox_content_title '   style='color:#ffffff; '>Misi\u00f3n<\/h3><\/header><div class='iconbox_content_container av_inherit_color '   style='color:#ffffff; '><p>En MexMar somos una organizaci\u00f3n dedicada a la prestaci\u00f3n de servicios costa afuera, satisfaciendo todas las necesidades de nuestros clientes, intentando siempre superar sus expectativas, manteniendo una flota en excelentes condiciones operativas y tripulaci\u00f3n de primer nivel.<\/p>\n<\/div><\/div><footer class=\"entry-footer\"><\/footer><\/article><\/div><div class=\"flex_column av_one_third  flex_column_div av-zero-column-padding   \" style='border-radius:0px; '><article class=\"iconbox iconbox_top av-no-box   \" ><div class=\"iconbox_content\"><header class=\"entry-content-header\"><div class=\"iconbox_icon heading-color \" aria-hidden='true' data-av_icon='\ue826' data-av_iconfont='entypo-fontello'  style='background-color:#ffaf03; border:1px solid #ffaf03; color:#06497c; ' ><\/div><h3 class='iconbox_content_title '   style='color:#ffffff; '>Visi\u00f3n<\/h3><\/header><div class='iconbox_content_container av_inherit_color '   style='color:#ffffff; '><p>Ser una organizaci\u00f3n con presencia internacional en los servicios costa afuera, con un modelo de direcci\u00f3n con calidad, reconocida por nuestros clientes por la alta confiabilidad, eficacia y eficiencia, rentabilidad y liderazgo, comprometida con la seguridad, el medio ambiente, el desarrollo integral de nuestro personal y la responsabilidad social.<\/p>\n<\/div><\/div><footer class=\"entry-footer\"><\/footer><\/article><\/div><div class=\"flex_column av_one_third  flex_column_div av-zero-column-padding   \" style='border-radius:0px; '><article class=\"iconbox iconbox_top av-no-box   \" ><div class=\"iconbox_content\"><header class=\"entry-content-header\"><div class=\"iconbox_icon heading-color \" aria-hidden='true' data-av_icon='\ue837' data-av_iconfont='entypo-fontello'  style='background-color:#ffaf03; border:1px solid #ffaf03; color:#06497c; ' ><\/div><h3 class='iconbox_content_title '   style='color:#ffffff; '>Valores<\/h3><\/header><div class='iconbox_content_container av_inherit_color '   style='color:#ffffff; '><p>Honestidad<br \/>\nDisciplina<br \/>\nLealtad<br \/>\nIntegridad<br \/>\nRespeto<\/p>\n<\/div><\/div><footer class=\"entry-footer\"><\/footer><\/article><\/div>\n<\/div><\/div><\/div><!-- close content main div --><\/div><\/div><\/div><div id='after_section_2' class='main_color av_default_container_wrap container_wrap sidebar_right'   ><div class='container' ><div class='template-page content  av-content-small alpha units'><div class='post-entry post-entry-type-page post-entry-1198'><div class='entry-content-wrapper clearfix'>\n<div class=\"flex_column av_one_half  flex_column_div av-zero-column-padding first  \" style='border-radius:0px; '><p><div style='padding-bottom:10px;font-size:24px;' class='av-special-heading av-special-heading-h2  blockquote modern-quote   av-inherit-size '><h2 class='av-special-heading-tag '  >MANTENIMIENTO EXPRESS MARITIMO<\/h2><div class='special-heading-border'><div class='special-heading-inner-border' ><\/div><\/div><\/div><br \/>\n<div style=' margin-top:30px; margin-bottom:30px;'  class='hr hr-custom hr-center hr-icon-yes  '><span class='hr-inner   inner-border-av-border-thin' style=' width:100%;' ><span class='hr-inner-style'><\/span><\/span><span class='av-seperator-icon'  aria-hidden='true' data-av_icon='\ue808' data-av_iconfont='entypo-fontello'><\/span><span class='hr-inner   inner-border-av-border-thin' style=' width:100%;' ><span class='hr-inner-style'><\/span><\/span><\/div><br \/>\n<section class=\"av_textblock_section \" ><div class='avia_textblock  '  ><h2><\/h2>\n<ul>\n<li>\n<h3>Tampico<\/h3>\n<\/li>\n<\/ul>\n<ul>\n<li>\n<h3>Tuxpan<\/h3>\n<\/li>\n<\/ul>\n<ul>\n<li>\n<h3>Alvarado<\/h3>\n<\/li>\n<\/ul>\n<ul>\n<li>\n<h3>Dos Bocas<\/h3>\n<\/li>\n<\/ul>\n<ul>\n<li>\n<h3>Ciudad del Carmen<\/h3>\n<\/li>\n<\/ul>\n<\/div><\/section><\/p><\/div>\n<div class=\"flex_column av_one_half  flex_column_div av-zero-column-padding   \" style='border-radius:0px; '><p><div style='padding-bottom:10px;font-size:24px;' class='av-special-heading av-special-heading-h2  blockquote modern-quote   av-inherit-size '><h2 class='av-special-heading-tag '  >PRESENCIA GEOGR\u00c1FICA<\/h2><div class='special-heading-border'><div class='special-heading-inner-border' ><\/div><\/div><\/div><br \/>\n<div style=' margin-top:30px; margin-bottom:30px;'  class='hr hr-custom hr-center hr-icon-yes  '><span class='hr-inner   inner-border-av-border-thin' style=' width:100%;' ><span class='hr-inner-style'><\/span><\/span><span class='av-seperator-icon'  aria-hidden='true' data-av_icon='\ue808' data-av_iconfont='entypo-fontello'><\/span><span class='hr-inner   inner-border-av-border-thin' style=' width:100%;' ><span class='hr-inner-style'><\/span><\/span><\/div><br \/>\n<div class='avia-image-container  av-styling- av-hover-grow   avia-align-center '  ><div class='avia-image-container-inner'><a href='http:\/\/35.203.130.217\/presencia\/' class='avia_image'  ><img class='avia_image ' src='https:\/\/mexmar.com\/wp-content\/uploads\/2023\/08\/Mexmar-Naviera-5-1.png' alt='' title='Mexmar-Naviera-5'  \/><\/a><\/div><\/div><\/p><\/div>\n<\/div><\/div><\/div><!-- close content main div --><\/div><\/div><div id='av_section_3' class='avia-section main_color avia-section-default avia-no-shadow av-section-color-overlay-active avia-bg-style-scroll   container_wrap sidebar_right' style = 'background-color: #ffaf03; '  ><div class='av-section-color-overlay-wrap'><div class='av-section-color-overlay' style='opacity: 0.5; '><\/div><div class='container' ><div class='template-page content  av-content-small alpha units'><div class='post-entry post-entry-type-page post-entry-1198'><div class='entry-content-wrapper clearfix'>\n<div class=\"flex_column av_one_third  flex_column_div av-zero-column-padding first  \" style='border-radius:0px; '><article class=\"iconbox iconbox_top main_color    \" ><div class=\"iconbox_content\"><header class=\"entry-content-header\"><a href='http:\/\/35.203.130.217\/servicios\/' title='SERVICIOS'  class=\"iconbox_icon heading-color \" aria-hidden='true' data-av_icon='\ue82a' data-av_iconfont='entypo-fontello'  style='background-color:#06497c; border:1px solid #06497c; color:#ffaf03; ' ><\/a><h3 class='iconbox_content_title '   style='color:#375172; '><a href='http:\/\/35.203.130.217\/servicios\/' title='SERVICIOS' >SERVICIOS<\/a><\/h3><\/header><div class='iconbox_content_container av_inherit_color '   style='color:#666666; '><ul>\n<li>Transporte de materiales, equipo y carga en general sobre cubierta<\/li>\n<\/ul>\n<ul>\n<li>Transporte de personal<\/li>\n<\/ul>\n<ul>\n<li>Transporte de residuos<\/li>\n<\/ul>\n<ul>\n<li>Carga de productos s\u00f3lidos y l\u00edquidos a granel bajo cubierta<\/li>\n<\/ul>\n<ul>\n<li>Respuesta a incidentes por derrame de hidrocarburos<\/li>\n<\/ul>\n<ul>\n<li>Respuesta a incidentes de incendio<\/li>\n<\/ul>\n<\/div><\/div><footer class=\"entry-footer\"><\/footer><\/article><\/div><div class=\"flex_column av_one_third  flex_column_div av-zero-column-padding   \" style='border-radius:0px; '><article class=\"iconbox iconbox_top main_color    \" ><div class=\"iconbox_content\"><header class=\"entry-content-header\"><a href='http:\/\/35.203.130.217\/flota\/' title='FLOTA'  class=\"iconbox_icon heading-color \" aria-hidden='true' data-av_icon='\ue8b9' data-av_iconfont='entypo-fontello'  style='background-color:#06497c; border:1px solid #06497c; color:#ffaf03; ' ><\/a><h3 class='iconbox_content_title '   style='color:#375172; '><a href='http:\/\/35.203.130.217\/flota\/' title='FLOTA' >FLOTA<\/a><\/h3><\/header><div class='iconbox_content_container av_inherit_color '   style='color:#666666; '><ul>\n<li>Mini &#8211; Abastecedores: vers\u00e1til para operar en puertos con importantes restricciones de calado<\/li>\n<\/ul>\n<ul>\n<li>Embarcaciones de R\u00e1pida Intervenci\u00f3n:\u00a0\u00f3ptima para dar respuesta a los requerimientos de transporte de carga ligera y personal de manera \u00e1gil y r\u00e1pida<\/li>\n<\/ul>\n<ul>\n<li>Platform Supply Vessels (PSV\u00b4S):\u00a0Mexmar es el principal operador de este tipo de embarcaciones en el mercado mexicano<\/li>\n<\/ul>\n<\/div><\/div><footer class=\"entry-footer\"><\/footer><\/article><\/div><div class=\"flex_column av_one_third  flex_column_div av-zero-column-padding   \" style='border-radius:0px; '><article class=\"iconbox iconbox_top main_color    \" ><div class=\"iconbox_content\"><header class=\"entry-content-header\"><a href='http:\/\/35.203.130.217\/certificaciones\/' title='CERTIFICACIONES'  class=\"iconbox_icon heading-color \" aria-hidden='true' data-av_icon='\ue829' data-av_iconfont='entypo-fontello'  style='background-color:#06497c; border:1px solid #06497c; color:#ffaf03; ' ><\/a><h3 class='iconbox_content_title '   style='color:#375172; '><a href='http:\/\/35.203.130.217\/certificaciones\/' title='CERTIFICACIONES' >CERTIFICACIONES<\/a><\/h3><\/header><div class='iconbox_content_container av_inherit_color '   style='color:#666666; '><ul>\n<li>EQA: Certificaci\u00f3n en Calidad<\/li>\n<\/ul>\n<ul>\n<li>ABS: Documento de cumplimiento e ISM de las embarcaciones<\/li>\n<\/ul>\n<ul>\n<li>Achilles: Proveedor confiable<\/li>\n<\/ul>\n<\/div><\/div><footer class=\"entry-footer\"><\/footer><\/article><\/div>\n<\/div><\/div><\/div><!-- close content main div --><\/div><\/div><\/div><div id='after_section_3' class='main_color av_default_container_wrap container_wrap sidebar_right'   ><div class='container' ><div class='template-page content  av-content-small alpha units'><div class='post-entry post-entry-type-page post-entry-1198'><div class='entry-content-wrapper clearfix'>\n<div class=\"flex_column av_one_third  flex_column_div av-zero-column-padding first  \" style='border-radius:0px; '><section class=\"av_textblock_section \" ><div class='avia_textblock  '  ><h1>CIUDAD DEL CARMEN<\/h1>\n<hr \/>\n<h2>Mexmar Cd. del Carmen<\/h2>\n<p>Av. Juan Camilo Mouri\u00f1o N\u00b0 96<\/p>\n<p>Colonia Justo Sierra<\/p>\n<p>Ciudad del Carmen, CP 24114<\/p>\n<p>Campeche, M\u00e9xico<\/p>\n<p>(938) 112-3178<\/p>\n<p>(938) 112-3181<\/p>\n<\/div><\/section><br \/>\n<article class=\"iconbox iconbox_left    \" ><div class=\"iconbox_content\"><header class=\"entry-content-header\"><a href='https:\/\/www.google.com.mx\/maps\/place\/Mexmar\/@18.6631817,-91.8247733,18z\/data=!4m12!1m6!3m5!1s0x85f1077a3b97f771:0x2a9069126886b807!2sMexmar!8m2!3d18.6631792!4d-91.823679!3m4!1s0x85f1077a3b97f771:0x2a9069126886b807!8m2!3d18.6631792!4d-91.823679' title='MAPA EN GOOGLE'  target=\"_blank\"  class=\"iconbox_icon heading-color \" aria-hidden='true' data-av_icon='\ue8b1' data-av_iconfont='entypo-fontello'  ><\/a><h3 class='iconbox_content_title '  ><a href='https:\/\/www.google.com.mx\/maps\/place\/Mexmar\/@18.6631817,-91.8247733,18z\/data=!4m12!1m6!3m5!1s0x85f1077a3b97f771:0x2a9069126886b807!2sMexmar!8m2!3d18.6631792!4d-91.823679!3m4!1s0x85f1077a3b97f771:0x2a9069126886b807!8m2!3d18.6631792!4d-91.823679' title='MAPA EN GOOGLE'  target=\"_blank\" >MAPA EN GOOGLE<\/a><\/h3><\/header><div class='iconbox_content_container  '  ><p>Haga click aqu\u00ed para indicaciones<\/p>\n<\/div><\/div><footer class=\"entry-footer\"><\/footer><\/article><\/p><\/div>\n<div class=\"flex_column av_one_third  flex_column_div av-zero-column-padding   \" style='border-radius:0px; '><section class=\"av_textblock_section \" ><div class='avia_textblock  '  ><h1>PARA\u00cdSO DOS BOCAS<\/h1>\n<hr \/>\n<h2>Mexmar Base Para\u00edso<\/h2>\n<p>Calle Leandro Valle s\/n<\/p>\n<p>Esquina Nicol\u00e1s Bravo<\/p>\n<p>Colonia El Limoncito Para\u00edso, CP 86600<\/p>\n<p>Tabasco, M\u00e9xico<\/p>\n<p>(933) 333-4475<\/p>\n<\/div><\/section><br \/>\n<article class=\"iconbox iconbox_left    \" ><div class=\"iconbox_content\"><header class=\"entry-content-header\"><a href='https:\/\/www.google.com.mx\/maps\/place\/Extra\/@18.4030786,-93.2156012,17z\/data=!4m12!1m6!3m5!1s0x85eef32dba488c31:0xbf353fcb5a68b0ff!2sMantenimiento+Express+Mar%C3%ADtimo!8m2!3d18.4045242!4d-93.2096789!3m4!1s0x0:0xeedef108f758fc6c!8m2!3d18.4022493!4d-93.2165151' title='MAPA EN GOOGLE'  target=\"_blank\"  class=\"iconbox_icon heading-color \" aria-hidden='true' data-av_icon='\ue8b1' data-av_iconfont='entypo-fontello'  ><\/a><h3 class='iconbox_content_title '  ><a href='https:\/\/www.google.com.mx\/maps\/place\/Extra\/@18.4030786,-93.2156012,17z\/data=!4m12!1m6!3m5!1s0x85eef32dba488c31:0xbf353fcb5a68b0ff!2sMantenimiento+Express+Mar%C3%ADtimo!8m2!3d18.4045242!4d-93.2096789!3m4!1s0x0:0xeedef108f758fc6c!8m2!3d18.4022493!4d-93.2165151' title='MAPA EN GOOGLE'  target=\"_blank\" >MAPA EN GOOGLE<\/a><\/h3><\/header><div class='iconbox_content_container  '  ><p>Haga click aqu\u00ed para indicaciones<\/p>\n<\/div><\/div><footer class=\"entry-footer\"><\/footer><\/article><\/p><\/div>\n<div class=\"flex_column av_one_third  flex_column_div av-zero-column-padding   \" style='border-radius:0px; '><section class=\"av_textblock_section \" ><div class='avia_textblock  '  ><h1>TAMPICO<\/h1>\n<hr \/>\n<h2>Mexmar Base Tampico<\/h2>\n<p>Calle 4 N\u00b0 114 A<\/p>\n<p>Colonia Jard\u00edn 20 de Noviembre<\/p>\n<p>Ciudad Madero, CP 89440<\/p>\n<p>Tamaulipas, M\u00e9xico<\/p>\n<p>(833) 210-1463<\/p>\n<\/div><\/section><br \/>\n<article class=\"iconbox iconbox_left    \" ><div class=\"iconbox_content\"><header class=\"entry-content-header\"><a href='https:\/\/www.google.com.mx\/maps\/place\/Calle+4+114,+Jard%C3%ADn+20+de+Noviembre,+89440+Cd+Madero,+Tamps.\/@22.2607095,-97.8537358,17z\/data=!4m5!3m4!1s0x85d7f9ea578362d3:0x49b99368063b6910!8m2!3d22.2599698!4d-97.8524698' title='MAPA EN GOOGLE'  target=\"_blank\"  class=\"iconbox_icon heading-color \" aria-hidden='true' data-av_icon='\ue8b1' data-av_iconfont='entypo-fontello'  ><\/a><h3 class='iconbox_content_title '  ><a href='https:\/\/www.google.com.mx\/maps\/place\/Calle+4+114,+Jard%C3%ADn+20+de+Noviembre,+89440+Cd+Madero,+Tamps.\/@22.2607095,-97.8537358,17z\/data=!4m5!3m4!1s0x85d7f9ea578362d3:0x49b99368063b6910!8m2!3d22.2599698!4d-97.8524698' title='MAPA EN GOOGLE'  target=\"_blank\" >MAPA EN GOOGLE<\/a><\/h3><\/header><div class='iconbox_content_container  '  ><p>Haga click aqu\u00ed para indicaciones<\/p>\n<\/div><\/div><footer class=\"entry-footer\"><\/footer><\/article><\/p><\/div>\n","protected":false},"excerpt":{"rendered":"","protected":false},"author":4,"featured_media":0,"parent":0,"menu_order":0,"comment_status":"closed","ping_status":"closed","template":"","meta":{"footnotes":""},"_links":{"self":[{"href":"https:\/\/mexmar.com\/index.php?rest_route=\/wp\/v2\/pages\/1198"}],"collection":[{"href":"https:\/\/mexmar.com\/index.php?rest_route=\/wp\/v2\/pages"}],"about":[{"href":"https:\/\/mexmar.com\/index.php?rest_route=\/wp\/v2\/types\/page"}],"author":[{"embeddable":true,"href":"https:\/\/mexmar.com\/index.php?rest_route=\/wp\/v2\/users\/4"}],"replies":[{"embeddable":true,"href":"https:\/\/mexmar.com\/index.php?rest_route=%2Fwp%2Fv2%2Fcomments&post=1198"}],"version-history":[{"count":48,"href":"https:\/\/mexmar.com\/index.php?rest_route=\/wp\/v2\/pages\/1198\/revisions"}],"predecessor-version":[{"id":1419,"href":"https:\/\/mexmar.com\/index.php?rest_route=\/wp\/v2\/pages\/1198\/revisions\/1419"}],"wp:attachment":[{"href":"https:\/\/mexmar.com\/index.php?rest_route=%2Fwp%2Fv2%2Fmedia&parent=1198"}],"curies":[{"name":"wp","href":"https:\/\/api.w.org\/{rel}","templated":true}]}}